{"id":10,"date":"2025-05-15T17:05:58","date_gmt":"2025-05-15T15:05:58","guid":{"rendered":"https:\/\/www.dekoin98.com\/?page_id=10"},"modified":"2025-09-29T11:42:58","modified_gmt":"2025-09-29T09:42:58","slug":"contacto-2","status":"publish","type":"page","link":"https:\/\/www.dekoin98.com\/index.php\/contacto-2\/","title":{"rendered":"Contacto"},"content":{"rendered":"\n<div class=\"wp-block-group has-primary-color has-text-color has-link-color wp-elements-a4e9f5302f0656d430a3d0494bbde691 has-global-padding is-layout-constrained wp-block-group-is-layout-constrained\">\n<div class=\"wp-block-columns is-layout-flex wp-container-core-columns-is-layout-d7d455e7 wp-block-columns-is-layout-flex\" style=\"padding-top:0;padding-right:0;padding-bottom:0;padding-left:0\">\n<div class=\"wp-block-column is-vertically-aligned-top is-layout-flow wp-block-column-is-layout-flow\" style=\"padding-right:7%;padding-left:7px;flex-basis:50%\">\n<p class=\"has-text-color\" style=\"color:#0bb4aa\">ESTAMOS AQU\u00cd PARA AYUDARTE<\/p>\n\n\n\n<h2 class=\"wp-block-heading has-text-align-center has-large-font-size\">\u00bfTienes dudas, necesitas asesoramiento o quieres hacer un pedido?<\/h2>\n\n\n\n<p class=\"has-primary-color has-text-color has-link-color wp-elements-4401be88703fec29beaaf19a5a8d4ac7\">Estamos aqu\u00ed para ayudarte. Completa el formulario o utiliza los medios de contacto que te dejamos a continuaci\u00f3n. Nuestro equipo t\u00e9cnico y comercial estar\u00e1 encantado de atenderte.<\/p>\n\n\n\n<p class=\"has-primary-color has-text-color has-link-color wp-elements-13158687841db7e9df50198fa69a04f8\">En Dekoin 98 te escuchamos. Cada consulta es una oportunidad para ayudarte mejor y ofrecerte una soluci\u00f3n personalizada.<\/p>\n\n\n\n<p class=\"has-primary-color has-text-color has-link-color wp-elements-08f9ed9d416832bc9eeb388c203d0ce0\">\u00bfNo sabes qu\u00e9 producto necesitas o c\u00f3mo aplicarlo? Nuestro equipo t\u00e9cnico-comercial te orientar\u00e1 sin compromiso.<br><\/p>\n<\/div>\n\n\n\n<div class=\"wp-block-column is-vertically-aligned-center is-layout-flow wp-block-column-is-layout-flow\" style=\"flex-basis:50%\" id=\"formulario-contacto\"><style id=\"wpforms-css-vars-301\">\n\t\t\t\t#wpforms-301 {\n\t\t\t\t\n\t\t\t}\n\t\t\t<\/style><div class=\"wpforms-container wpforms-container-full wpforms-render-modern\" id=\"wpforms-301\"><form id=\"wpforms-form-301\" class=\"wpforms-validate wpforms-form wpforms-ajax-form\" data-formid=\"301\" method=\"post\" enctype=\"multipart\/form-data\" action=\"\/index.php\/wp-json\/wp\/v2\/pages\/10\" data-token=\"7e140a4ee28468ebf5e1dcaf385de889\" data-token-time=\"1776874276\"><noscript class=\"wpforms-error-noscript\">Por favor, activa JavaScript en tu navegador para completar este formulario.<\/noscript><div id=\"wpforms-error-noscript\" style=\"display: none;\">Por favor, activa JavaScript en tu navegador para completar este formulario.<\/div><div class=\"wpforms-field-container\"><div id=\"wpforms-301-field_1-container\" class=\"wpforms-field wpforms-field-name\" data-field-id=\"1\"><fieldset><legend class=\"wpforms-field-label\">Nombre <span class=\"wpforms-required-label\" aria-hidden=\"true\">*<\/span><\/legend><div class=\"wpforms-field-row wpforms-field-medium\"><div class=\"wpforms-field-row-block wpforms-first wpforms-one-half\"><input type=\"text\" id=\"wpforms-301-field_1\" class=\"wpforms-field-name-first wpforms-field-required\" name=\"wpforms[fields][1][first]\" aria-errormessage=\"wpforms-301-field_1-error\" required><label for=\"wpforms-301-field_1\" class=\"wpforms-field-sublabel after\">Nombre<\/label><\/div><div class=\"wpforms-field-row-block wpforms-one-half\"><input type=\"text\" id=\"wpforms-301-field_1-last\" class=\"wpforms-field-name-last wpforms-field-required\" name=\"wpforms[fields][1][last]\" aria-errormessage=\"wpforms-301-field_1-last-error\" required><label for=\"wpforms-301-field_1-last\" class=\"wpforms-field-sublabel after\">Apellidos<\/label><\/div><\/div><\/fieldset><\/div><div id=\"wpforms-301-field_7-container\" class=\"wpforms-field wpforms-field-text\" data-field-id=\"7\"><label class=\"wpforms-field-label\" for=\"wpforms-301-field_7\">Empresa (opcional)<\/label><input type=\"text\" id=\"wpforms-301-field_7\" class=\"wpforms-field-medium\" name=\"wpforms[fields][7]\" aria-errormessage=\"wpforms-301-field_7-error\" ><\/div><div id=\"wpforms-301-field_2-container\" class=\"wpforms-field wpforms-field-email\" data-field-id=\"2\"><label class=\"wpforms-field-label\" for=\"wpforms-301-field_2\">Correo electr\u00f3nico <span class=\"wpforms-required-label\" aria-hidden=\"true\">*<\/span><\/label><input type=\"email\" id=\"wpforms-301-field_2\" class=\"wpforms-field-medium wpforms-field-required\" name=\"wpforms[fields][2]\" spellcheck=\"false\" aria-errormessage=\"wpforms-301-field_2-error\" required><\/div><div id=\"wpforms-301-field_8-container\" class=\"wpforms-field wpforms-field-text\" data-field-id=\"8\"><label class=\"wpforms-field-label\" for=\"wpforms-301-field_8\">Tel\u00e9fono (opcional)<\/label><input type=\"text\" id=\"wpforms-301-field_8\" class=\"wpforms-field-medium\" name=\"wpforms[fields][8]\" aria-errormessage=\"wpforms-301-field_8-error\" ><\/div>\t\t<div id=\"wpforms-301-field_4-container\"\n\t\t\tclass=\"wpforms-field wpforms-field-text\"\n\t\t\tdata-field-type=\"text\"\n\t\t\tdata-field-id=\"4\"\n\t\t\t>\n\t\t\t<label class=\"wpforms-field-label\" for=\"wpforms-301-field_4\" >Tel\u00e9fono Comentario (opcional)<\/label>\n\t\t\t<input type=\"text\" id=\"wpforms-301-field_4\" class=\"wpforms-field-medium\" name=\"wpforms[fields][4]\" >\n\t\t<\/div>\n\t\t<div id=\"wpforms-301-field_3-container\" class=\"wpforms-field wpforms-field-textarea\" data-field-id=\"3\"><label class=\"wpforms-field-label\" for=\"wpforms-301-field_3\">Comentario o mensaje <span class=\"wpforms-required-label\" aria-hidden=\"true\">*<\/span><\/label><textarea id=\"wpforms-301-field_3\" class=\"wpforms-field-medium wpforms-field-required\" name=\"wpforms[fields][3]\" aria-errormessage=\"wpforms-301-field_3-error\" required><\/textarea><\/div><script>\n\t\t\t\t( function() {\n\t\t\t\t\tconst style = document.createElement( 'style' );\n\t\t\t\t\tstyle.appendChild( document.createTextNode( '#wpforms-301-field_4-container { position: absolute !important; overflow: hidden !important; display: inline !important; height: 1px !important; width: 1px !important; z-index: -1000 !important; padding: 0 !important; } #wpforms-301-field_4-container input { visibility: hidden; } #wpforms-conversational-form-page #wpforms-301-field_4-container label { counter-increment: none; }' ) );\n\t\t\t\t\tdocument.head.appendChild( style );\n\t\t\t\t\tdocument.currentScript?.remove();\n\t\t\t\t} )();\n\t\t\t<\/script><\/div><!-- .wpforms-field-container --><div class=\"wpforms-submit-container\" ><input type=\"hidden\" name=\"wpforms[id]\" value=\"301\"><input type=\"hidden\" name=\"page_title\" value=\"\"><input type=\"hidden\" name=\"page_url\" value=\"https:\/\/www.dekoin98.com\/index.php\/wp-json\/wp\/v2\/pages\/10\"><input type=\"hidden\" name=\"url_referer\" value=\"\"><button type=\"submit\" name=\"wpforms[submit]\" id=\"wpforms-submit-301\" class=\"wpforms-submit\" data-alt-text=\"Enviando tu mensaje...\" data-submit-text=\"Solicitar informaci\u00f3n\" aria-live=\"assertive\" value=\"wpforms-submit\">Solicitar informaci\u00f3n<\/button><img loading=\"lazy\" decoding=\"async\" src=\"https:\/\/www.dekoin98.com\/wp-content\/plugins\/wpforms-lite\/assets\/images\/submit-spin.svg\" class=\"wpforms-submit-spinner\" style=\"display: none;\" width=\"26\" height=\"26\" alt=\"Cargando\"><\/div><input type=\"hidden\" id=\"ct_checkjs_wpforms_1d7f7abc18fcb43975065399b0d1e48e\" name=\"ct_checkjs_wpforms\" value=\"0\" \/><script>setTimeout(function(){var ct_input_name = \"ct_checkjs_wpforms_1d7f7abc18fcb43975065399b0d1e48e\";if (document.getElementById(ct_input_name) !== null) {var ct_input_value = document.getElementById(ct_input_name).value;document.getElementById(ct_input_name).value = document.getElementById(ct_input_name).value.replace(ct_input_value, '1624658894');}}, 1000);<\/script><input\n                    class=\"apbct_special_field apbct_email_id__wp_wpforms\"\n                    name=\"apbct__email_id__wp_wpforms\"\n                    aria-label=\"apbct__label_id__wp_wpforms\"\n                    type=\"text\" size=\"30\" maxlength=\"200\" autocomplete=\"off\"\n                    value=\"\"\n                \/><\/form><\/div>  <!-- .wpforms-container -->\n<\/div>\n<\/div>\n\n\n\n<div style=\"height:50px\" aria-hidden=\"true\" class=\"wp-block-spacer\"><\/div>\n<\/div>\n\n\n\n<div class=\"wp-block-group alignfull has-primary-color has-text-color has-link-color wp-elements-fe8c91f84f159cfeccbbcf5742bb70e6 has-global-padding is-layout-constrained wp-block-group-is-layout-constrained\">\n<div class=\"wp-block-columns alignfull are-vertically-aligned-center has-light-background-background-color has-background is-layout-flex wp-container-core-columns-is-layout-dd282781 wp-block-columns-is-layout-flex\" style=\"padding-top:0;padding-right:0;padding-bottom:0;padding-left:0\">\n<div class=\"wp-block-column is-vertically-aligned-center map-grayscale is-layout-flow wp-block-column-is-layout-flow\" style=\"flex-basis:50%\">\n<iframe src=\"https:\/\/www.google.com\/maps\/embed?pb=!1m18!1m12!1m3!1d2925.2151098150534!2d-2.3924830999999998!3d42.8471909!2m3!1f0!2f0!3f0!3m2!1i1024!2i768!4f13.1!3m3!1m2!1s0xd50217bc6c9b015%3A0xffc75aa74f49715f!2sDekoin%2098%20S.L!5e0!3m2!1ses!2ses!4v1747322832061!5m2!1ses!2ses\" width=\"600\" height=\"450\" style=\"border:0;\" allowfullscreen=\"\" loading=\"lazy\" referrerpolicy=\"no-referrer-when-downgrade\"><\/iframe>\n<\/div>\n\n\n\n<div class=\"wp-block-column is-vertically-aligned-center is-layout-flow wp-block-column-is-layout-flow\" style=\"padding-top:var(--wp--preset--spacing--small);padding-right:var(--wp--preset--spacing--small);padding-bottom:var(--wp--preset--spacing--small);padding-left:2%;flex-basis:50%\">\n<h3 class=\"wp-block-heading\"><strong>Direcci\u00f3n<\/strong><\/h3>\n\n\n\n<p class=\"has-primary-color has-text-color has-link-color wp-elements-4a70d6fbaa229e13d29437b3ac45b5ea\">Calle Dulantzi 34, 01200, Salvatierra, Alava<\/p>\n\n\n\n<h3 class=\"wp-block-heading\"><strong>Email<\/strong><\/h3>\n\n\n\n<p class=\"has-primary-color has-text-color has-link-color wp-elements-467d89e069a50f1f2d2c19b8e66e8a16\">comercial@dekoin98.com <\/p>\n\n\n\n<p class=\"has-primary-color has-text-color has-link-color wp-elements-ae0e6ce0914d6877b7e3ff90768b9710\">picosa@dekoin98.com<\/p>\n\n\n\n<h3 class=\"wp-block-heading\"><strong>Tel\u00e9fono<\/strong><\/h3>\n\n\n\n<p>+34945237869<\/p>\n\n\n\n<p>+34945237871<\/p>\n<\/div>\n<\/div>\n<\/div>\n\n\n\n<div style=\"height:50px\" aria-hidden=\"true\" class=\"wp-block-spacer\"><\/div>\n\n\n\n<div class=\"wp-block-group has-global-padding is-layout-constrained wp-block-group-is-layout-constrained\">\n<div class=\"wp-block-columns are-vertically-aligned-center is-layout-flex wp-container-core-columns-is-layout-4ed999c3 wp-block-columns-is-layout-flex\" style=\"padding-top:var(--wp--preset--spacing--60);padding-bottom:var(--wp--preset--spacing--60);padding-left:0\">\n<div class=\"wp-block-column is-vertically-aligned-center has-global-padding is-content-justification-left is-layout-constrained wp-container-core-column-is-layout-28813bdf wp-block-column-is-layout-constrained\" style=\"padding-top:0;padding-right:35px;padding-bottom:0;padding-left:35px;flex-basis:66.66%\">\n<p class=\"has-text-align-center has-primary-color has-text-color has-link-color wp-elements-69eef52c653bdb8572dc74b15582ec47\" style=\"font-size:clamp(18.959px, 1.185rem + ((1vw - 3.2px) * 0.977), 30px);\"><strong>\u00bfTe gustar\u00eda formar parte de nuestro equipo?<\/strong><\/p>\n\n\n\n<p class=\"has-text-align-center has-primary-color has-text-color has-link-color wp-elements-cac64ca5189264aba8b04b8ebc570b0d\" style=\"font-size:13px\">Env\u00edanos un email con tu perfil o curr\u00edculum. Siempre estamos buscando personas con talento!<\/p>\n<\/div>\n\n\n\n<div class=\"wp-block-column is-vertically-aligned-center is-layout-flow wp-block-column-is-layout-flow\" style=\"flex-basis:33.33%\">\n<div class=\"wp-block-buttons is-content-justification-center is-layout-flex wp-container-core-buttons-is-layout-098cc607 wp-block-buttons-is-layout-flex\">\n<div class=\"wp-block-button is-style-fill\"><a class=\"wp-block-button__link has-text-align-right has-custom-font-size wp-element-button\" href=\"mailto:picosa@dekoin98.com\" style=\"border-radius:0px;font-size:clamp(14px, 0.875rem + ((1vw - 3.2px) * 0.088), 15px);font-style:normal;font-weight:600;letter-spacing:1px;text-transform:uppercase\">enviar candidatura<\/a><\/div>\n<\/div>\n<\/div>\n<\/div>\n\n\n\n<div style=\"height:25px\" aria-hidden=\"true\" class=\"wp-block-spacer\"><\/div>\n<\/div>\n\n\n\n<p><\/p>\n","protected":false},"excerpt":{"rendered":"<p>ESTAMOS AQU\u00cd PARA AYUDARTE \u00bfTienes dudas, necesitas asesoramiento o quieres hacer un pedido? Estamos aqu\u00ed para ayudarte. Completa el formulario o utiliza los medios de contacto que te dejamos a continuaci\u00f3n. Nuestro equipo t\u00e9cnico y comercial estar\u00e1 encantado de atenderte. En Dekoin 98 te escuchamos. Cada consulta es una oportunidad para ayudarte mejor y ofrecerte &hellip; <\/p>\n<p class=\"link-more\"><a href=\"https:\/\/www.dekoin98.com\/index.php\/contacto-2\/\" class=\"more-link\">Leer m\u00e1s<span class=\"screen-reader-text\"> \u00abContacto\u00bb<\/span><\/a><\/p>\n","protected":false},"author":1,"featured_media":0,"parent":0,"menu_order":0,"comment_status":"closed","ping_status":"closed","template":"","meta":{"inspiro_hide_title":false,"footnotes":""},"class_list":["post-10","page","type-page","status-publish","hentry"],"_links":{"self":[{"href":"https:\/\/www.dekoin98.com\/index.php\/wp-json\/wp\/v2\/pages\/10","targetHints":{"allow":["GET"]}}],"collection":[{"href":"https:\/\/www.dekoin98.com\/index.php\/wp-json\/wp\/v2\/pages"}],"about":[{"href":"https:\/\/www.dekoin98.com\/index.php\/wp-json\/wp\/v2\/types\/page"}],"author":[{"embeddable":true,"href":"https:\/\/www.dekoin98.com\/index.php\/wp-json\/wp\/v2\/users\/1"}],"replies":[{"embeddable":true,"href":"https:\/\/www.dekoin98.com\/index.php\/wp-json\/wp\/v2\/comments?post=10"}],"version-history":[{"count":68,"href":"https:\/\/www.dekoin98.com\/index.php\/wp-json\/wp\/v2\/pages\/10\/revisions"}],"predecessor-version":[{"id":1040,"href":"https:\/\/www.dekoin98.com\/index.php\/wp-json\/wp\/v2\/pages\/10\/revisions\/1040"}],"wp:attachment":[{"href":"https:\/\/www.dekoin98.com\/index.php\/wp-json\/wp\/v2\/media?parent=10"}],"curies":[{"name":"wp","href":"https:\/\/api.w.org\/{rel}","templated":true}]}}