{"id":2,"date":"2025-05-15T16:55:57","date_gmt":"2025-05-15T14:55:57","guid":{"rendered":"https:\/\/www.dekoin98.com\/?page_id=2"},"modified":"2025-05-28T10:00:35","modified_gmt":"2025-05-28T08:00:35","slug":"productos","status":"publish","type":"page","link":"https:\/\/www.dekoin98.com\/index.php\/productos\/","title":{"rendered":"Productos"},"content":{"rendered":"\n<h1 class=\"wp-block-heading has-text-align-center\">Encuentra la pintura perfecta para cada necesidad<\/h1>\n\n\n\n<p>En <strong>Dekoin 98<\/strong> llevamos m\u00e1s de 60 a\u00f1os desarrollando soluciones en pintura que se adaptan a las exigencias de cada sector. Fabricamos nuestros productos con los m\u00e1s altos est\u00e1ndares de calidad, ofreciendo acabados duraderos, seguros y est\u00e9ticamente superiores.<\/p>\n\n\n\n<div class=\"wp-block-columns fila-producto is-layout-flex wp-container-core-columns-is-layout-28f84493 wp-block-columns-is-layout-flex\">\n<div class=\"wp-block-column fila-producto is-layout-flow wp-block-column-is-layout-flow\">\n<figure class=\"wp-block-image size-full\"><img loading=\"lazy\" decoding=\"async\" width=\"1024\" height=\"1024\" src=\"https:\/\/www.dekoin98.com\/wp-content\/uploads\/2025\/05\/Pintura-industrial.png\" alt=\"Latas de pintura industrial en colores rojo, amarillo y azul junto a una carta de color RAL\" class=\"wp-image-345\" style=\"aspect-ratio:4\/3;object-fit:cover\" srcset=\"https:\/\/www.dekoin98.com\/wp-content\/uploads\/2025\/05\/Pintura-industrial.png 1024w, https:\/\/www.dekoin98.com\/wp-content\/uploads\/2025\/05\/Pintura-industrial-300x300.png 300w, https:\/\/www.dekoin98.com\/wp-content\/uploads\/2025\/05\/Pintura-industrial-150x150.png 150w\" sizes=\"auto, (max-width: 1024px) 100vw, 1024px\" \/><\/figure>\n<\/div>\n\n\n\n<div class=\"wp-block-column is-layout-flow wp-block-column-is-layout-flow\">\n<h2 class=\"rcsid-bc154768-9c96-4482-8c73-d5094e6d808c wp-block-heading\">Pintura Industrial<\/h2>\n\n\n\n<p class=\"rcsid-745b8d56-6b04-4118-902c-e97bef135cfc\" > Pinturas dise\u00f1adas para resistir entornos exigentes. Ofrecen protecci\u00f3n anticorrosiva y de alta durabilidad, ideales para estructuras, maquinaria y superficies met\u00e1licas con un acabado t\u00e9cnico y profesional garantizado.<\/p>\n\n\n\n<p class=\"rcsid-7b7ce355-3c7b-4910-8b6b-9f680fc6aaab\" > <br><a href=\"https:\/\/www.dekoin98.com\/index.php\/productos\/pintura-industrial\/\" data-type=\"link\" data-id=\"https:\/\/www.dekoin98.com\/index.php\/productos\/pintura-industrial\/\">Explorar m\u00e1s<\/a><\/p>\n<\/div>\n<\/div>\n\n\n\n<div class=\"rcsid-2998bd18-fad0-41e5-8c87-3e2f2d8dad66 wp-block-columns fila-producto is-layout-flex wp-container-core-columns-is-layout-28f84493 wp-block-columns-is-layout-flex\">\n<div class=\"wp-block-column is-layout-flow wp-block-column-is-layout-flow\">\n<h2 class=\"rcsid-8db38aea-9dcc-432b-b964-de89bc21b01b wp-block-heading\">Pintura de carrocer\u00eda<\/h2>\n\n\n\n<p class=\"rcsid-b27bd21a-a1ee-4693-a33e-4cf6f347ba60\" > Acabados brillantes y resistentes al desgaste, con una amplia gama de colores y buen recubrimiento. Ideal para veh\u00edculos industriales, comerciales y particulares. Garantiza protecci\u00f3n, est\u00e9tica, rendimiento y un acabado profesional.<\/p>\n\n\n\n<p class=\"rcsid-727e45e9-e906-4e38-a6ea-38653d1ec71d\" > <br><a href=\"https:\/\/www.dekoin98.com\/index.php\/productos\/pintura-de-carroceria\/\" data-type=\"page\" data-id=\"327\">Explorar m\u00e1s<\/a><\/p>\n<\/div>\n\n\n\n<div class=\"wp-block-column is-layout-flow wp-block-column-is-layout-flow\">\n<figure class=\"wp-block-image size-full\"><img loading=\"lazy\" decoding=\"async\" width=\"1024\" height=\"1024\" src=\"https:\/\/www.dekoin98.com\/wp-content\/uploads\/2025\/05\/Pintura-de-carroceria.png\" alt=\"T\u00e9cnico aplicando pintura azul con pistola aerogr\u00e1fica sobre la carrocer\u00eda de un coche\" class=\"wp-image-347\" style=\"aspect-ratio:4\/3;object-fit:cover\" srcset=\"https:\/\/www.dekoin98.com\/wp-content\/uploads\/2025\/05\/Pintura-de-carroceria.png 1024w, https:\/\/www.dekoin98.com\/wp-content\/uploads\/2025\/05\/Pintura-de-carroceria-300x300.png 300w, https:\/\/www.dekoin98.com\/wp-content\/uploads\/2025\/05\/Pintura-de-carroceria-150x150.png 150w\" sizes=\"auto, (max-width: 1024px) 100vw, 1024px\" \/><\/figure>\n<\/div>\n<\/div>\n\n\n\n<div class=\"wp-block-columns fila-producto is-layout-flex wp-container-core-columns-is-layout-28f84493 wp-block-columns-is-layout-flex\">\n<div class=\"wp-block-column is-layout-flow wp-block-column-is-layout-flow\">\n<figure class=\"wp-block-image size-full\"><img loading=\"lazy\" decoding=\"async\" width=\"1024\" height=\"1024\" src=\"https:\/\/www.dekoin98.com\/wp-content\/uploads\/2025\/05\/Pintura-Decorativa.png\" alt=\"Botes abiertos de pintura decorativa de varios colores con dos brochas sobre fondo blanco\" class=\"wp-image-346\" style=\"aspect-ratio:4\/3;object-fit:cover\" srcset=\"https:\/\/www.dekoin98.com\/wp-content\/uploads\/2025\/05\/Pintura-Decorativa.png 1024w, https:\/\/www.dekoin98.com\/wp-content\/uploads\/2025\/05\/Pintura-Decorativa-300x300.png 300w, https:\/\/www.dekoin98.com\/wp-content\/uploads\/2025\/05\/Pintura-Decorativa-150x150.png 150w\" sizes=\"auto, (max-width: 1024px) 100vw, 1024px\" \/><\/figure>\n<\/div>\n\n\n\n<div class=\"wp-block-column is-layout-flow wp-block-column-is-layout-flow\">\n<h2 class=\"rcsid-931c85db-dd33-460c-95f5-d9b0d7b71143 wp-block-heading\">Pintura decorativa<\/h2>\n\n\n\n<p class=\"rcsid-61c6acc1-2709-4fed-a4fb-6fe2aa7e1e85\" > Soluciones para renovar espacios con estilo y color con f\u00e1cil aplicaci\u00f3n y cobertura uniforme garantizada. Apta para interiores y exteriores de todo tipo con garant\u00eda de durabilidad, est\u00e9tica y variedad de acabados.<\/p>\n\n\n\n<p class=\"rcsid-f8096b73-20bc-4ed3-aea0-1697910db222\" > <br><a href=\"https:\/\/www.dekoin98.com\/index.php\/productos\/pintura-decorativa\/\" data-type=\"page\" data-id=\"329\">Explorar m\u00e1s<\/a><\/p>\n<\/div>\n<\/div>\n\n\n\n<div class=\"wp-block-columns fila-producto is-layout-flex wp-container-core-columns-is-layout-28f84493 wp-block-columns-is-layout-flex\">\n<div class=\"wp-block-column is-layout-flow wp-block-column-is-layout-flow\">\n<h2 class=\"rcsid-afa20f17-39c6-49c7-80de-1b3687449888 wp-block-heading\">Sistema Picolor<\/h2>\n\n\n\n<p class=\"rcsid-15d043ee-102b-4888-910d-7c594678b6c1\" > Tecnolog\u00eda exclusiva de mezcla para colores a medida. Rapidez y precisi\u00f3n en la creaci\u00f3n de tonos \u00fanicos, adaptado a clientes tanto particulares como profesionales ideal para tiendas, ferreter\u00edas y talleres.<\/p>\n\n\n\n<p class=\"rcsid-2d705ef3-1a4e-462b-8180-1a8935e1e420\" > <br><a href=\"https:\/\/www.dekoin98.com\/index.php\/productos\/sistema-picolor\/\" data-type=\"page\" data-id=\"331\">Explorar m\u00e1s<\/a><\/p>\n<\/div>\n\n\n\n<div class=\"wp-block-column is-layout-flow wp-block-column-is-layout-flow\">\n<div class=\"wp-block-columns is-layout-flex wp-container-core-columns-is-layout-28f84493 wp-block-columns-is-layout-flex\">\n<div class=\"wp-block-column is-layout-flow wp-block-column-is-layout-flow\">\n<figure class=\"wp-block-image size-full\"><img loading=\"lazy\" decoding=\"async\" width=\"1024\" height=\"1024\" src=\"https:\/\/www.dekoin98.com\/wp-content\/uploads\/2025\/05\/Sistema-Picolor-1.png\" alt=\"Sistema Picolor de Dekoin 98 con dep\u00f3sitos de pigmentos y equipo de dosificaci\u00f3n de pintura industrial\" class=\"wp-image-344\" style=\"aspect-ratio:4\/3;object-fit:cover\" srcset=\"https:\/\/www.dekoin98.com\/wp-content\/uploads\/2025\/05\/Sistema-Picolor-1.png 1024w, https:\/\/www.dekoin98.com\/wp-content\/uploads\/2025\/05\/Sistema-Picolor-1-300x300.png 300w, https:\/\/www.dekoin98.com\/wp-content\/uploads\/2025\/05\/Sistema-Picolor-1-150x150.png 150w\" sizes=\"auto, (max-width: 1024px) 100vw, 1024px\" \/><\/figure>\n<\/div>\n<\/div>\n<\/div>\n<\/div>\n\n\n\n<div class=\"wp-block-columns is-layout-flex wp-container-core-columns-is-layout-28f84493 wp-block-columns-is-layout-flex\">\n<div class=\"wp-block-column is-layout-flow wp-block-column-is-layout-flow\">\n<div style=\"height:55px\" aria-hidden=\"true\" class=\"wp-block-spacer\"><\/div>\n<\/div>\n<\/div>\n","protected":false},"excerpt":{"rendered":"<p>Encuentra la pintura perfecta para cada necesidad En Dekoin 98 llevamos m\u00e1s de 60 a\u00f1os desarrollando soluciones en pintura que se adaptan a las exigencias de cada sector. Fabricamos nuestros productos con los m\u00e1s altos est\u00e1ndares de calidad, ofreciendo acabados duraderos, seguros y est\u00e9ticamente superiores. Pintura Industrial Pinturas dise\u00f1adas para resistir entornos exigentes. Ofrecen protecci\u00f3n &hellip; <\/p>\n<p class=\"link-more\"><a href=\"https:\/\/www.dekoin98.com\/index.php\/productos\/\" class=\"more-link\">Leer m\u00e1s<span class=\"screen-reader-text\"> \u00abProductos\u00bb<\/span><\/a><\/p>\n","protected":false},"author":1,"featured_media":0,"parent":0,"menu_order":0,"comment_status":"closed","ping_status":"closed","template":"","meta":{"inspiro_hide_title":false,"footnotes":""},"class_list":["post-2","page","type-page","status-publish","hentry"],"_links":{"self":[{"href":"https:\/\/www.dekoin98.com\/index.php\/wp-json\/wp\/v2\/pages\/2","targetHints":{"allow":["GET"]}}],"collection":[{"href":"https:\/\/www.dekoin98.com\/index.php\/wp-json\/wp\/v2\/pages"}],"about":[{"href":"https:\/\/www.dekoin98.com\/index.php\/wp-json\/wp\/v2\/types\/page"}],"author":[{"embeddable":true,"href":"https:\/\/www.dekoin98.com\/index.php\/wp-json\/wp\/v2\/users\/1"}],"replies":[{"embeddable":true,"href":"https:\/\/www.dekoin98.com\/index.php\/wp-json\/wp\/v2\/comments?post=2"}],"version-history":[{"count":38,"href":"https:\/\/www.dekoin98.com\/index.php\/wp-json\/wp\/v2\/pages\/2\/revisions"}],"predecessor-version":[{"id":645,"href":"https:\/\/www.dekoin98.com\/index.php\/wp-json\/wp\/v2\/pages\/2\/revisions\/645"}],"wp:attachment":[{"href":"https:\/\/www.dekoin98.com\/index.php\/wp-json\/wp\/v2\/media?parent=2"}],"curies":[{"name":"wp","href":"https:\/\/api.w.org\/{rel}","templated":true}]}}