{"id":325,"date":"2025-05-22T16:08:42","date_gmt":"2025-05-22T14:08:42","guid":{"rendered":"https:\/\/www.dekoin98.com\/?page_id=325"},"modified":"2025-09-23T13:34:38","modified_gmt":"2025-09-23T11:34:38","slug":"pintura-industrial","status":"publish","type":"page","link":"https:\/\/www.dekoin98.com\/index.php\/productos\/pintura-industrial\/","title":{"rendered":"Pintura Industrial"},"content":{"rendered":"\n<p class=\"has-primary-color has-text-color has-link-color wp-elements-6d428317d2f7097a08cce177e4f05be2\">En Dekoin 98 fabricamos recubrimientos industriales de alto rendimiento, dise\u00f1ados para ofrecer protecci\u00f3n anticorrosiva, resistencia qu\u00edmica y durabilidad en entornos exigentes. Nuestra experiencia en sectores como el petroqu\u00edmico y energ\u00e9tico con clientes como Repsol y Cepsa nos posiciona como referentes en soluciones t\u00e9cnicas personalizadas. Trabajamos con tecnolog\u00eda avanzada y materias primas de \u00faltima generaci\u00f3n, garantizando f\u00f3rmulas eficientes y adaptadas a cada aplicaci\u00f3n industrial.<\/p>\n\n\n\n<p class=\"has-primary-color has-text-color has-link-color wp-elements-4b905f0d3179afad6030003aece72c99\">Nuestros productos est\u00e1n formulados con materias primas de \u00faltima generaci\u00f3n y bajo estrictos controles de calidad, lo que nos permite garantizar acabados funcionales, seguros y altamente resistentes. Aplicamos nuestra tecnolog\u00eda en sectores como el <strong>petroqu\u00edmico<\/strong>, <strong>energ\u00e9tico<\/strong>, <strong>metal\u00fargico<\/strong>, <strong>transporte ferroviario<\/strong> y <strong>equipamiento urbano<\/strong>, entre otros.<\/p>\n\n\n\n<p class=\"has-primary-color has-text-color has-link-color wp-elements-943b71c65f16a894b65af32bb292ce7f\">Cada recubrimiento se ajusta a las necesidades de cada cliente, proporcionando rendimiento a largo plazo y una est\u00e9tica profesional. En Dekoin 98, transformamos superficies industriales en activos duraderos y protegidos frente a la corrosi\u00f3n y al desgaste operativo diario.<\/p>\n\n\n\n<div class=\"wp-block-cb-carousel-v2 cb-carousel-block\" data-cb-slides-per-view=\"1\" data-cb-slides-per-group=\"1\" data-cb-space-between=\"15\" data-cb-speed=\"300\" data-cb-navigation=\"true\" data-cb-pagination=\"true\" data-cb-loop=\"true\" data-cb-breakpoints=\"{&quot;768&quot;:{&quot;slidesPerView&quot;:3,&quot;slidesPerGroup&quot;:1}}\"><div class=\"swiper\"><div class=\"cb-wrapper swiper-wrapper\">\n<div class=\"wp-block-cb-slide-v2 cb-slide swiper-slide\">\n<figure class=\"wp-block-image size-full\"><img loading=\"lazy\" decoding=\"async\" width=\"1024\" height=\"1024\" src=\"https:\/\/www.dekoin98.com\/wp-content\/uploads\/2025\/05\/Bombonas-de-butano-1.png\" alt=\"Bombonas de butano naranjas alineadas en una planta industrial\" class=\"wp-image-364\" style=\"aspect-ratio:1;object-fit:cover\" srcset=\"https:\/\/www.dekoin98.com\/wp-content\/uploads\/2025\/05\/Bombonas-de-butano-1.png 1024w, https:\/\/www.dekoin98.com\/wp-content\/uploads\/2025\/05\/Bombonas-de-butano-1-300x300.png 300w, https:\/\/www.dekoin98.com\/wp-content\/uploads\/2025\/05\/Bombonas-de-butano-1-150x150.png 150w\" sizes=\"auto, (max-width: 1024px) 100vw, 1024px\" \/><\/figure>\n<\/div>\n\n\n\n<div class=\"wp-block-cb-slide-v2 cb-slide swiper-slide\">\n<figure class=\"wp-block-image size-full\"><img loading=\"lazy\" decoding=\"async\" width=\"1024\" height=\"1024\" src=\"https:\/\/www.dekoin98.com\/wp-content\/uploads\/2025\/05\/Tren.png\" alt=\"Tren de alta velocidad con pintura gris y azul en estaci\u00f3n\" class=\"wp-image-363\" style=\"aspect-ratio:1;object-fit:cover\" srcset=\"https:\/\/www.dekoin98.com\/wp-content\/uploads\/2025\/05\/Tren.png 1024w, https:\/\/www.dekoin98.com\/wp-content\/uploads\/2025\/05\/Tren-300x300.png 300w, https:\/\/www.dekoin98.com\/wp-content\/uploads\/2025\/05\/Tren-150x150.png 150w\" sizes=\"auto, (max-width: 1024px) 100vw, 1024px\" \/><\/figure>\n<\/div>\n\n\n\n<div class=\"wp-block-cb-slide-v2 cb-slide swiper-slide\">\n<figure class=\"wp-block-image size-full\"><img loading=\"lazy\" decoding=\"async\" width=\"1024\" height=\"1024\" src=\"https:\/\/www.dekoin98.com\/wp-content\/uploads\/2025\/05\/parque-ninos-1.png\" alt=\"Pintura para estructuras met\u00e1licas de exterior\" class=\"wp-image-366\" style=\"aspect-ratio:1;object-fit:cover\" srcset=\"https:\/\/www.dekoin98.com\/wp-content\/uploads\/2025\/05\/parque-ninos-1.png 1024w, https:\/\/www.dekoin98.com\/wp-content\/uploads\/2025\/05\/parque-ninos-1-300x300.png 300w, https:\/\/www.dekoin98.com\/wp-content\/uploads\/2025\/05\/parque-ninos-1-150x150.png 150w\" sizes=\"auto, (max-width: 1024px) 100vw, 1024px\" \/><\/figure>\n<\/div>\n\n\n\n<div class=\"wp-block-cb-slide-v2 cb-slide swiper-slide\">\n<figure class=\"wp-block-image size-full\"><img loading=\"lazy\" decoding=\"async\" width=\"1024\" height=\"1024\" src=\"https:\/\/www.dekoin98.com\/wp-content\/uploads\/2025\/05\/excavadora-1.png\" alt=\"Excavadora naranja con recubrimiento protector en obra exterior\" class=\"wp-image-365\" style=\"aspect-ratio:1;object-fit:cover\" srcset=\"https:\/\/www.dekoin98.com\/wp-content\/uploads\/2025\/05\/excavadora-1.png 1024w, https:\/\/www.dekoin98.com\/wp-content\/uploads\/2025\/05\/excavadora-1-300x300.png 300w, https:\/\/www.dekoin98.com\/wp-content\/uploads\/2025\/05\/excavadora-1-150x150.png 150w\" sizes=\"auto, (max-width: 1024px) 100vw, 1024px\" \/><\/figure>\n<\/div>\n<\/div><\/div><div class=\"cb-pagination swiper-pagination\"><\/div><div class=\"cb-button-prev swiper-button-prev\"><\/div><div class=\"cb-button-next swiper-button-next\"><\/div><\/div>\n\n\n\n<div style=\"height:70px\" aria-hidden=\"true\" class=\"wp-block-spacer\"><\/div>\n","protected":false},"excerpt":{"rendered":"<p>En Dekoin 98 fabricamos recubrimientos industriales de alto rendimiento, dise\u00f1ados para ofrecer protecci\u00f3n anticorrosiva, resistencia qu\u00edmica y durabilidad en entornos exigentes. Nuestra experiencia en sectores como el petroqu\u00edmico y energ\u00e9tico con clientes como Repsol y Cepsa nos posiciona como referentes en soluciones t\u00e9cnicas personalizadas. Trabajamos con tecnolog\u00eda avanzada y materias primas de \u00faltima generaci\u00f3n, garantizando &hellip; <\/p>\n<p class=\"link-more\"><a href=\"https:\/\/www.dekoin98.com\/index.php\/productos\/pintura-industrial\/\" class=\"more-link\">Leer m\u00e1s<span class=\"screen-reader-text\"> \u00abPintura Industrial\u00bb<\/span><\/a><\/p>\n","protected":false},"author":1,"featured_media":0,"parent":2,"menu_order":0,"comment_status":"closed","ping_status":"closed","template":"","meta":{"inspiro_hide_title":false,"footnotes":""},"class_list":["post-325","page","type-page","status-publish","hentry"],"_links":{"self":[{"href":"https:\/\/www.dekoin98.com\/index.php\/wp-json\/wp\/v2\/pages\/325","targetHints":{"allow":["GET"]}}],"collection":[{"href":"https:\/\/www.dekoin98.com\/index.php\/wp-json\/wp\/v2\/pages"}],"about":[{"href":"https:\/\/www.dekoin98.com\/index.php\/wp-json\/wp\/v2\/types\/page"}],"author":[{"embeddable":true,"href":"https:\/\/www.dekoin98.com\/index.php\/wp-json\/wp\/v2\/users\/1"}],"replies":[{"embeddable":true,"href":"https:\/\/www.dekoin98.com\/index.php\/wp-json\/wp\/v2\/comments?post=325"}],"version-history":[{"count":11,"href":"https:\/\/www.dekoin98.com\/index.php\/wp-json\/wp\/v2\/pages\/325\/revisions"}],"predecessor-version":[{"id":866,"href":"https:\/\/www.dekoin98.com\/index.php\/wp-json\/wp\/v2\/pages\/325\/revisions\/866"}],"up":[{"embeddable":true,"href":"https:\/\/www.dekoin98.com\/index.php\/wp-json\/wp\/v2\/pages\/2"}],"wp:attachment":[{"href":"https:\/\/www.dekoin98.com\/index.php\/wp-json\/wp\/v2\/media?parent=325"}],"curies":[{"name":"wp","href":"https:\/\/api.w.org\/{rel}","templated":true}]}}