{"id":327,"date":"2025-05-22T16:07:29","date_gmt":"2025-05-22T14:07:29","guid":{"rendered":"https:\/\/www.dekoin98.com\/?page_id=327"},"modified":"2025-09-23T13:35:13","modified_gmt":"2025-09-23T11:35:13","slug":"pintura-de-carroceria","status":"publish","type":"page","link":"https:\/\/www.dekoin98.com\/index.php\/productos\/pintura-de-carroceria\/","title":{"rendered":"Pintura de carrocer\u00eda"},"content":{"rendered":"\n<p class=\"has-primary-color has-text-color has-link-color wp-elements-3840c1aeb5b3195e0b3615a292ffc5e2\">En Dekoin 98 formulamos pinturas para carrocer\u00eda con altos est\u00e1ndares de calidad, pensadas para ofrecer un acabado profesional, protecci\u00f3n frente a agentes externos y durabilidad en condiciones exigentes. Nuestras soluciones se adaptan a las necesidades del sector del transporte, la industria automotriz y la maquinaria pesada, garantizando una aplicaci\u00f3n uniforme, r\u00e1pida y eficaz en diferentes tipos de superficies met\u00e1licas.<\/p>\n\n\n\n<p class=\"has-primary-color has-text-color has-link-color wp-elements-dce4455418e00f838cabf438abfdf49a\">Utilizamos pigmentos resistentes, resinas de alto rendimiento y aditivos espec\u00edficos que aportan <strong>brillo, flexibilidad, dureza y resistencia qu\u00edmica<\/strong>. Nuestros productos est\u00e1n dise\u00f1ados para soportar exposici\u00f3n prolongada al sol, la lluvia, los impactos y productos de limpieza, manteniendo la est\u00e9tica y protecci\u00f3n del veh\u00edculo a lo largo del tiempo.<\/p>\n\n\n\n<p class=\"has-primary-color has-text-color has-link-color wp-elements-b7dd8aa84ca22c7cc745ada8a6dee273\">Cada formulaci\u00f3n responde a normativas t\u00e9cnicas, exigencias del cliente y particularidades del uso final. Nuestro equipo t\u00e9cnico trabaja codo a codo con talleres, fabricantes y carroceros para asegurar soluciones adaptadas, consistentes y eficientes. En Dekoin 98, cada capa de pintura representa un compromiso con la durabilidad, la imagen y la seguridad. La pintura de carrocer\u00eda no solo protege: comunica valor, cuidado y profesionalismo. Transformamos cada aplicaci\u00f3n en una soluci\u00f3n confiable, resistente y visualmente impecable.<\/p>\n\n\n\n<div class=\"wp-block-cb-carousel-v2 cb-carousel-block\" data-cb-slides-per-view=\"1\" data-cb-slides-per-group=\"1\" data-cb-space-between=\"15\" data-cb-speed=\"300\" data-cb-navigation=\"true\" data-cb-pagination=\"true\" data-cb-loop=\"true\" data-cb-breakpoints=\"{&quot;768&quot;:{&quot;slidesPerView&quot;:3,&quot;slidesPerGroup&quot;:1}}\"><div class=\"swiper\"><div class=\"cb-wrapper swiper-wrapper\">\n<div class=\"wp-block-cb-slide-v2 cb-slide swiper-slide\">\n<figure class=\"wp-block-image size-full\"><img loading=\"lazy\" decoding=\"async\" width=\"1024\" height=\"1536\" src=\"https:\/\/www.dekoin98.com\/wp-content\/uploads\/2025\/05\/aplicacion-de-pintura.png\" alt=\"Mano aplicando pintura con pistola aerogr\u00e1fica sobre coche.\" class=\"wp-image-412\" style=\"aspect-ratio:1;object-fit:cover\" srcset=\"https:\/\/www.dekoin98.com\/wp-content\/uploads\/2025\/05\/aplicacion-de-pintura.png 1024w, https:\/\/www.dekoin98.com\/wp-content\/uploads\/2025\/05\/aplicacion-de-pintura-200x300.png 200w, https:\/\/www.dekoin98.com\/wp-content\/uploads\/2025\/05\/aplicacion-de-pintura-683x1024.png 683w\" sizes=\"auto, (max-width: 1024px) 100vw, 1024px\" \/><\/figure>\n<\/div>\n\n\n\n<div class=\"wp-block-cb-slide-v2 cb-slide swiper-slide\">\n<figure class=\"wp-block-image size-full\"><img loading=\"lazy\" decoding=\"async\" width=\"1024\" height=\"1536\" src=\"https:\/\/www.dekoin98.com\/wp-content\/uploads\/2025\/05\/Cadena-de-pintado.png\" alt=\"Puertas de autom\u00f3vil en proceso de pintado industrial.\" class=\"wp-image-413\" style=\"aspect-ratio:1;object-fit:cover\" srcset=\"https:\/\/www.dekoin98.com\/wp-content\/uploads\/2025\/05\/Cadena-de-pintado.png 1024w, https:\/\/www.dekoin98.com\/wp-content\/uploads\/2025\/05\/Cadena-de-pintado-200x300.png 200w, https:\/\/www.dekoin98.com\/wp-content\/uploads\/2025\/05\/Cadena-de-pintado-683x1024.png 683w\" sizes=\"auto, (max-width: 1024px) 100vw, 1024px\" \/><\/figure>\n<\/div>\n\n\n\n<div class=\"wp-block-cb-slide-v2 cb-slide swiper-slide\">\n<figure class=\"wp-block-image size-full\"><img loading=\"lazy\" decoding=\"async\" width=\"1024\" height=\"1536\" src=\"https:\/\/www.dekoin98.com\/wp-content\/uploads\/2025\/05\/Robot-de-pintura-1.png\" alt=\"Robot pintando paragolpes con pintura roja.\" class=\"wp-image-416\" style=\"aspect-ratio:1;object-fit:cover\" srcset=\"https:\/\/www.dekoin98.com\/wp-content\/uploads\/2025\/05\/Robot-de-pintura-1.png 1024w, https:\/\/www.dekoin98.com\/wp-content\/uploads\/2025\/05\/Robot-de-pintura-1-200x300.png 200w, https:\/\/www.dekoin98.com\/wp-content\/uploads\/2025\/05\/Robot-de-pintura-1-683x1024.png 683w\" sizes=\"auto, (max-width: 1024px) 100vw, 1024px\" \/><\/figure>\n<\/div>\n\n\n\n<div class=\"wp-block-cb-slide-v2 cb-slide swiper-slide\">\n<figure class=\"wp-block-image size-full\"><img loading=\"lazy\" decoding=\"async\" width=\"1024\" height=\"1536\" src=\"https:\/\/www.dekoin98.com\/wp-content\/uploads\/2025\/05\/catalogo-de-colores.png\" alt=\"Panel de muestras de pintura de coche en diferentes colores.\" class=\"wp-image-414\" style=\"aspect-ratio:1;object-fit:cover\" srcset=\"https:\/\/www.dekoin98.com\/wp-content\/uploads\/2025\/05\/catalogo-de-colores.png 1024w, https:\/\/www.dekoin98.com\/wp-content\/uploads\/2025\/05\/catalogo-de-colores-200x300.png 200w, https:\/\/www.dekoin98.com\/wp-content\/uploads\/2025\/05\/catalogo-de-colores-683x1024.png 683w\" sizes=\"auto, (max-width: 1024px) 100vw, 1024px\" \/><\/figure>\n<\/div>\n<\/div><\/div><div class=\"cb-pagination swiper-pagination\"><\/div><div class=\"cb-button-prev swiper-button-prev\"><\/div><div class=\"cb-button-next swiper-button-next\"><\/div><\/div>\n\n\n\n<div style=\"height:70px\" aria-hidden=\"true\" class=\"wp-block-spacer\"><\/div>\n","protected":false},"excerpt":{"rendered":"<p>En Dekoin 98 formulamos pinturas para carrocer\u00eda con altos est\u00e1ndares de calidad, pensadas para ofrecer un acabado profesional, protecci\u00f3n frente a agentes externos y durabilidad en condiciones exigentes. Nuestras soluciones se adaptan a las necesidades del sector del transporte, la industria automotriz y la maquinaria pesada, garantizando una aplicaci\u00f3n uniforme, r\u00e1pida y eficaz en diferentes &hellip; <\/p>\n<p class=\"link-more\"><a href=\"https:\/\/www.dekoin98.com\/index.php\/productos\/pintura-de-carroceria\/\" class=\"more-link\">Leer m\u00e1s<span class=\"screen-reader-text\"> \u00abPintura de carrocer\u00eda\u00bb<\/span><\/a><\/p>\n","protected":false},"author":1,"featured_media":0,"parent":2,"menu_order":0,"comment_status":"closed","ping_status":"closed","template":"","meta":{"inspiro_hide_title":false,"footnotes":""},"class_list":["post-327","page","type-page","status-publish","hentry"],"_links":{"self":[{"href":"https:\/\/www.dekoin98.com\/index.php\/wp-json\/wp\/v2\/pages\/327","targetHints":{"allow":["GET"]}}],"collection":[{"href":"https:\/\/www.dekoin98.com\/index.php\/wp-json\/wp\/v2\/pages"}],"about":[{"href":"https:\/\/www.dekoin98.com\/index.php\/wp-json\/wp\/v2\/types\/page"}],"author":[{"embeddable":true,"href":"https:\/\/www.dekoin98.com\/index.php\/wp-json\/wp\/v2\/users\/1"}],"replies":[{"embeddable":true,"href":"https:\/\/www.dekoin98.com\/index.php\/wp-json\/wp\/v2\/comments?post=327"}],"version-history":[{"count":10,"href":"https:\/\/www.dekoin98.com\/index.php\/wp-json\/wp\/v2\/pages\/327\/revisions"}],"predecessor-version":[{"id":867,"href":"https:\/\/www.dekoin98.com\/index.php\/wp-json\/wp\/v2\/pages\/327\/revisions\/867"}],"up":[{"embeddable":true,"href":"https:\/\/www.dekoin98.com\/index.php\/wp-json\/wp\/v2\/pages\/2"}],"wp:attachment":[{"href":"https:\/\/www.dekoin98.com\/index.php\/wp-json\/wp\/v2\/media?parent=327"}],"curies":[{"name":"wp","href":"https:\/\/api.w.org\/{rel}","templated":true}]}}