{"id":329,"date":"2025-05-22T16:08:02","date_gmt":"2025-05-22T14:08:02","guid":{"rendered":"https:\/\/www.dekoin98.com\/?page_id=329"},"modified":"2025-09-23T13:35:41","modified_gmt":"2025-09-23T11:35:41","slug":"pintura-decorativa","status":"publish","type":"page","link":"https:\/\/www.dekoin98.com\/index.php\/productos\/pintura-decorativa\/","title":{"rendered":"Pintura decorativa"},"content":{"rendered":"\n<p class=\"has-primary-color has-text-color has-link-color wp-elements-d2191a5ddef35a33556938df819665d8\">En Dekoin 98 desarrollamos soluciones en pintura decorativa que combinan <strong>est\u00e9tica, funcionalidad y protecci\u00f3n.<\/strong> Nuestras formulaciones est\u00e1n dise\u00f1adas para ofrecer acabados duraderos, resistentes y visualmente atractivos en interiores y exteriores, adapt\u00e1ndose a todo tipo de superficies y necesidades arquitect\u00f3nicas. Aplicamos nuestra experiencia t\u00e9cnica para crear productos que cumplen con las exigencias del sector de la construcci\u00f3n, reformas y dise\u00f1o de espacios.<\/p>\n\n\n\n<p class=\"has-primary-color has-text-color has-link-color wp-elements-6817743f75f2891b8c0409a4a62e49a2\">Nuestros recubrimientos decorativos incorporan pigmentos de alta calidad y aditivos especiales que garantizan una aplicaci\u00f3n uniforme, excelente cobertura, resistencia al desgaste, al sol y a la humedad. Esto nos permite asegurar resultados profesionales tanto en grandes proyectos como en aplicaciones dom\u00e9sticas. Colaboramos con profesionales de la pintura, arquitectos y dise\u00f1adores para adaptar cada producto a las preferencias est\u00e9ticas y exigencias t\u00e9cnicas.<\/p>\n\n\n\n<p class=\"has-primary-color has-text-color has-link-color wp-elements-31c9025ae41963349707ead11a49f3e2\">En Dekoin 98, cada f\u00f3rmula se ajusta a est\u00e1ndares de <strong>sostenibilidad<\/strong> y <strong>bajo impacto ambiental<\/strong>, ofreciendo opciones ecol\u00f3gicas sin renunciar al rendimiento. Nuestra l\u00ednea decorativa transforma paredes, techos y mobiliario en superficies funcionales, resistentes y con acabados perfectos. Apostamos por la <strong>innovaci\u00f3n<\/strong> constante para que cada espacio refleje <strong>calidad, estilo y personalidad<\/strong>. Pintamos m\u00e1s que superficies: aportamos valor est\u00e9tico, protecci\u00f3n y durabilidad.<\/p>\n\n\n\n<div class=\"wp-block-cb-carousel-v2 cb-carousel-block\" data-cb-slides-per-view=\"1\" data-cb-slides-per-group=\"1\" data-cb-space-between=\"15\" data-cb-speed=\"300\" data-cb-navigation=\"true\" data-cb-pagination=\"true\" data-cb-loop=\"true\" data-cb-breakpoints=\"{&quot;768&quot;:{&quot;slidesPerView&quot;:3,&quot;slidesPerGroup&quot;:1}}\"><div class=\"swiper\"><div class=\"cb-wrapper swiper-wrapper\">\n<div class=\"wp-block-cb-slide-v2 cb-slide swiper-slide\">\n<figure class=\"wp-block-image size-full\"><img loading=\"lazy\" decoding=\"async\" width=\"952\" height=\"1042\" src=\"https:\/\/www.dekoin98.com\/wp-content\/uploads\/2025\/05\/utensilios-para-pintar.png\" alt=\"Brochas y botes de pintura sobre parquet antes de pintar.\" class=\"wp-image-434\" style=\"aspect-ratio:1;object-fit:cover\" srcset=\"https:\/\/www.dekoin98.com\/wp-content\/uploads\/2025\/05\/utensilios-para-pintar.png 952w, https:\/\/www.dekoin98.com\/wp-content\/uploads\/2025\/05\/utensilios-para-pintar-274x300.png 274w, https:\/\/www.dekoin98.com\/wp-content\/uploads\/2025\/05\/utensilios-para-pintar-936x1024.png 936w\" sizes=\"auto, (max-width: 952px) 100vw, 952px\" \/><\/figure>\n<\/div>\n\n\n\n<div class=\"wp-block-cb-slide-v2 cb-slide swiper-slide\">\n<figure class=\"wp-block-image size-full\"><img loading=\"lazy\" decoding=\"async\" width=\"952\" height=\"1042\" src=\"https:\/\/www.dekoin98.com\/wp-content\/uploads\/2025\/05\/preparacion-de-pintura.png\" alt=\"Mujer vertiendo pintura en bandeja con cubos amarillos alrededor.\" class=\"wp-image-433\" style=\"aspect-ratio:1;object-fit:cover\" srcset=\"https:\/\/www.dekoin98.com\/wp-content\/uploads\/2025\/05\/preparacion-de-pintura.png 952w, https:\/\/www.dekoin98.com\/wp-content\/uploads\/2025\/05\/preparacion-de-pintura-274x300.png 274w, https:\/\/www.dekoin98.com\/wp-content\/uploads\/2025\/05\/preparacion-de-pintura-936x1024.png 936w\" sizes=\"auto, (max-width: 952px) 100vw, 952px\" \/><\/figure>\n<\/div>\n\n\n\n<div class=\"wp-block-cb-slide-v2 cb-slide swiper-slide\">\n<figure class=\"wp-block-image size-full\"><img loading=\"lazy\" decoding=\"async\" width=\"952\" height=\"1042\" src=\"https:\/\/www.dekoin98.com\/wp-content\/uploads\/2025\/05\/pintores.png\" alt=\"Pareja pintando habitaci\u00f3n con pintura clara.\" class=\"wp-image-432\" style=\"aspect-ratio:1;object-fit:cover\" srcset=\"https:\/\/www.dekoin98.com\/wp-content\/uploads\/2025\/05\/pintores.png 952w, https:\/\/www.dekoin98.com\/wp-content\/uploads\/2025\/05\/pintores-274x300.png 274w, https:\/\/www.dekoin98.com\/wp-content\/uploads\/2025\/05\/pintores-936x1024.png 936w\" sizes=\"auto, (max-width: 952px) 100vw, 952px\" \/><\/figure>\n<\/div>\n\n\n\n<div class=\"wp-block-cb-slide-v2 cb-slide swiper-slide\">\n<figure class=\"wp-block-image size-full\"><img loading=\"lazy\" decoding=\"async\" width=\"952\" height=\"1042\" src=\"https:\/\/www.dekoin98.com\/wp-content\/uploads\/2025\/05\/pintor.png\" alt=\"Mujer aplicando pintura color melocot\u00f3n sobre pared interior.\" class=\"wp-image-431\" style=\"aspect-ratio:1;object-fit:cover\" srcset=\"https:\/\/www.dekoin98.com\/wp-content\/uploads\/2025\/05\/pintor.png 952w, https:\/\/www.dekoin98.com\/wp-content\/uploads\/2025\/05\/pintor-274x300.png 274w, https:\/\/www.dekoin98.com\/wp-content\/uploads\/2025\/05\/pintor-936x1024.png 936w\" sizes=\"auto, (max-width: 952px) 100vw, 952px\" \/><\/figure>\n<\/div>\n<\/div><\/div><div class=\"cb-pagination swiper-pagination\"><\/div><div class=\"cb-button-prev swiper-button-prev\"><\/div><div class=\"cb-button-next swiper-button-next\"><\/div><\/div>\n\n\n\n<div style=\"height:70px\" aria-hidden=\"true\" class=\"wp-block-spacer\"><\/div>\n","protected":false},"excerpt":{"rendered":"<p>En Dekoin 98 desarrollamos soluciones en pintura decorativa que combinan est\u00e9tica, funcionalidad y protecci\u00f3n. Nuestras formulaciones est\u00e1n dise\u00f1adas para ofrecer acabados duraderos, resistentes y visualmente atractivos en interiores y exteriores, adapt\u00e1ndose a todo tipo de superficies y necesidades arquitect\u00f3nicas. Aplicamos nuestra experiencia t\u00e9cnica para crear productos que cumplen con las exigencias del sector de la &hellip; <\/p>\n<p class=\"link-more\"><a href=\"https:\/\/www.dekoin98.com\/index.php\/productos\/pintura-decorativa\/\" class=\"more-link\">Leer m\u00e1s<span class=\"screen-reader-text\"> \u00abPintura decorativa\u00bb<\/span><\/a><\/p>\n","protected":false},"author":1,"featured_media":0,"parent":2,"menu_order":0,"comment_status":"closed","ping_status":"closed","template":"","meta":{"inspiro_hide_title":false,"footnotes":""},"class_list":["post-329","page","type-page","status-publish","hentry"],"_links":{"self":[{"href":"https:\/\/www.dekoin98.com\/index.php\/wp-json\/wp\/v2\/pages\/329","targetHints":{"allow":["GET"]}}],"collection":[{"href":"https:\/\/www.dekoin98.com\/index.php\/wp-json\/wp\/v2\/pages"}],"about":[{"href":"https:\/\/www.dekoin98.com\/index.php\/wp-json\/wp\/v2\/types\/page"}],"author":[{"embeddable":true,"href":"https:\/\/www.dekoin98.com\/index.php\/wp-json\/wp\/v2\/users\/1"}],"replies":[{"embeddable":true,"href":"https:\/\/www.dekoin98.com\/index.php\/wp-json\/wp\/v2\/comments?post=329"}],"version-history":[{"count":7,"href":"https:\/\/www.dekoin98.com\/index.php\/wp-json\/wp\/v2\/pages\/329\/revisions"}],"predecessor-version":[{"id":868,"href":"https:\/\/www.dekoin98.com\/index.php\/wp-json\/wp\/v2\/pages\/329\/revisions\/868"}],"up":[{"embeddable":true,"href":"https:\/\/www.dekoin98.com\/index.php\/wp-json\/wp\/v2\/pages\/2"}],"wp:attachment":[{"href":"https:\/\/www.dekoin98.com\/index.php\/wp-json\/wp\/v2\/media?parent=329"}],"curies":[{"name":"wp","href":"https:\/\/api.w.org\/{rel}","templated":true}]}}