{"id":331,"date":"2025-05-22T16:07:46","date_gmt":"2025-05-22T14:07:46","guid":{"rendered":"https:\/\/www.dekoin98.com\/?page_id=331"},"modified":"2025-09-24T14:14:14","modified_gmt":"2025-09-24T12:14:14","slug":"sistema-picolor","status":"publish","type":"page","link":"https:\/\/www.dekoin98.com\/index.php\/productos\/sistema-picolor\/","title":{"rendered":"Sistema Picolor"},"content":{"rendered":"\n<p class=\"has-primary-color has-text-color has-link-color wp-elements-ae1db5154ead01a189a387626d59f675\">El Sistema Picolor de Dekoin 98 es una soluci\u00f3n integral de tintometr\u00eda dise\u00f1ada para ofrecer m\u00e1xima <strong>precisi\u00f3n, rapidez y flexibilidad<\/strong> en la formulaci\u00f3n de colores. Desarrollado para fabricantes, distribuidores y profesionales del sector, este sistema permite obtener miles de tonos personalizados en diferentes bases, ajust\u00e1ndose a las necesidades espec\u00edficas de cada cliente y aplicaci\u00f3n industrial, decorativa o de carrocer\u00eda.<\/p>\n\n\n\n<p class=\"has-primary-color has-text-color has-link-color wp-elements-b21056a973b929aea25863c1e8288a26\">Picolor integra tecnolog\u00eda de dosificaci\u00f3n avanzada, bases de alta calidad y un software intuitivo con biblioteca de colores actualizada. Esto permite reproducir cualquier tonalidad con exactitud, manteniendo la consistencia en cada lote. Es una herramienta ideal para optimizar inventario, reducir tiempos de espera y aumentar la eficiencia operativa en talleres, puntos de venta y plantas de producci\u00f3n.<\/p>\n\n\n\n<p class=\"has-primary-color has-text-color has-link-color wp-elements-75e7e4f4dc819363307043a728887828\">Nuestros t\u00e9cnicos brindan acompa\u00f1amiento continuo en la instalaci\u00f3n, calibraci\u00f3n y mantenimiento del sistema, asegurando su funcionamiento \u00f3ptimo. Con Picolor, los profesionales ganan <strong>autonom\u00eda, versatilidad y capacidad de respuesta<\/strong> frente a demandas cambiantes del mercado.<\/p>\n\n\n\n<p class=\"has-primary-color has-text-color has-link-color wp-elements-ececbedb1a0649537b2c7f182de21753\">En Dekoin 98 dise\u00f1amos soluciones que dan a nuestros clientes el control total sobre sus procesos. Por eso, Picolor no es solo un sistema: es una puerta a la personalizaci\u00f3n, la productividad, la eficiencia y la fidelidad crom\u00e1tica. Un aliado perfecto para quienes buscan diferenciarse a trav\u00e9s del color.<\/p>\n\n\n\n<div style=\"height:30px\" aria-hidden=\"true\" class=\"wp-block-spacer\"><\/div>\n\n\n\n<div class=\"wp-block-cb-carousel-v2 cb-carousel-block cb-single-slide\" data-cb-slides-per-view=\"1\" data-cb-slides-per-group=\"1\" data-cb-space-between=\"15\" data-cb-speed=\"300\" data-cb-navigation=\"true\" data-cb-pagination=\"true\" data-cb-loop=\"true\" data-cb-breakpoints=\"{&quot;768&quot;:{&quot;slidesPerView&quot;:1,&quot;slidesPerGroup&quot;:1}}\"><div class=\"swiper\"><div class=\"cb-wrapper swiper-wrapper\">\n<div class=\"wp-block-cb-slide-v2 cb-slide swiper-slide\">\n<figure class=\"wp-block-image aligncenter size-full is-resized\"><img loading=\"lazy\" decoding=\"async\" width=\"1024\" height=\"1024\" src=\"https:\/\/www.dekoin98.com\/wp-content\/uploads\/2025\/05\/Sistema-Picolor-1.png\" alt=\"Sistema Picolor de Dekoin 98 con dep\u00f3sitos de pigmentos y equipo de dosificaci\u00f3n de pintura industrial\" class=\"wp-image-344\" style=\"aspect-ratio:1;object-fit:cover;width:488px;height:auto\" srcset=\"https:\/\/www.dekoin98.com\/wp-content\/uploads\/2025\/05\/Sistema-Picolor-1.png 1024w, https:\/\/www.dekoin98.com\/wp-content\/uploads\/2025\/05\/Sistema-Picolor-1-300x300.png 300w, https:\/\/www.dekoin98.com\/wp-content\/uploads\/2025\/05\/Sistema-Picolor-1-150x150.png 150w\" sizes=\"auto, (max-width: 1024px) 100vw, 1024px\" \/><\/figure>\n<\/div>\n<\/div><\/div><div class=\"cb-pagination swiper-pagination\"><\/div><div class=\"cb-button-prev swiper-button-prev\"><\/div><div class=\"cb-button-next swiper-button-next\"><\/div><\/div>\n\n\n\n<div style=\"height:70px\" aria-hidden=\"true\" class=\"wp-block-spacer\"><\/div>\n","protected":false},"excerpt":{"rendered":"<p>El Sistema Picolor de Dekoin 98 es una soluci\u00f3n integral de tintometr\u00eda dise\u00f1ada para ofrecer m\u00e1xima precisi\u00f3n, rapidez y flexibilidad en la formulaci\u00f3n de colores. Desarrollado para fabricantes, distribuidores y profesionales del sector, este sistema permite obtener miles de tonos personalizados en diferentes bases, ajust\u00e1ndose a las necesidades espec\u00edficas de cada cliente y aplicaci\u00f3n industrial, &hellip; <\/p>\n<p class=\"link-more\"><a href=\"https:\/\/www.dekoin98.com\/index.php\/productos\/sistema-picolor\/\" class=\"more-link\">Leer m\u00e1s<span class=\"screen-reader-text\"> \u00abSistema Picolor\u00bb<\/span><\/a><\/p>\n","protected":false},"author":1,"featured_media":0,"parent":2,"menu_order":0,"comment_status":"closed","ping_status":"closed","template":"","meta":{"inspiro_hide_title":false,"footnotes":""},"class_list":["post-331","page","type-page","status-publish","hentry"],"_links":{"self":[{"href":"https:\/\/www.dekoin98.com\/index.php\/wp-json\/wp\/v2\/pages\/331","targetHints":{"allow":["GET"]}}],"collection":[{"href":"https:\/\/www.dekoin98.com\/index.php\/wp-json\/wp\/v2\/pages"}],"about":[{"href":"https:\/\/www.dekoin98.com\/index.php\/wp-json\/wp\/v2\/types\/page"}],"author":[{"embeddable":true,"href":"https:\/\/www.dekoin98.com\/index.php\/wp-json\/wp\/v2\/users\/1"}],"replies":[{"embeddable":true,"href":"https:\/\/www.dekoin98.com\/index.php\/wp-json\/wp\/v2\/comments?post=331"}],"version-history":[{"count":20,"href":"https:\/\/www.dekoin98.com\/index.php\/wp-json\/wp\/v2\/pages\/331\/revisions"}],"predecessor-version":[{"id":1004,"href":"https:\/\/www.dekoin98.com\/index.php\/wp-json\/wp\/v2\/pages\/331\/revisions\/1004"}],"up":[{"embeddable":true,"href":"https:\/\/www.dekoin98.com\/index.php\/wp-json\/wp\/v2\/pages\/2"}],"wp:attachment":[{"href":"https:\/\/www.dekoin98.com\/index.php\/wp-json\/wp\/v2\/media?parent=331"}],"curies":[{"name":"wp","href":"https:\/\/api.w.org\/{rel}","templated":true}]}}