{"id":520,"date":"2025-05-26T19:41:13","date_gmt":"2025-05-26T17:41:13","guid":{"rendered":"https:\/\/www.dekoin98.com\/?page_id=520"},"modified":"2025-09-22T14:43:18","modified_gmt":"2025-09-22T12:43:18","slug":"aviso-legal","status":"publish","type":"page","link":"https:\/\/www.dekoin98.com\/index.php\/aviso-legal\/","title":{"rendered":"Aviso legal"},"content":{"rendered":"\n<h2 class=\"wp-block-heading\">Titularidad del sitio web<\/h2>\n\n\n\n<p>En cumplimiento con el deber de informaci\u00f3n recogido en el art\u00edculo 10 de la Ley 34\/2002, de 11 de julio, de Servicios de la Sociedad de la Informaci\u00f3n y del Comercio Electr\u00f3nico, se informa que este sitio web es titularidad de:<\/p>\n\n\n\n<ul class=\"wp-block-list\">\n<li><strong>Nombre de la empresa:<\/strong> Dekoin 98 S.L.<\/li>\n\n\n\n<li><strong>CIF\/NIF:<\/strong> B01271907<\/li>\n\n\n\n<li><strong>Domicilio social:<\/strong> Calle Dulantzi, 34, 01002 Salvatierra, \u00c1lava<\/li>\n\n\n\n<li><strong>Correo electr\u00f3nico:<\/strong> dekoin98@dekoin98.com<\/li>\n\n\n\n<li><strong>Tel\u00e9fono de contacto:<\/strong> 945237869<\/li>\n<\/ul>\n\n\n\n<h2 class=\"wp-block-heading\">Objeto del sitio web<\/h2>\n\n\n\n<p>El presente sitio web tiene por objeto ofrecer informaci\u00f3n sobre los productos y servicios de Dekoin 98 S.L., especializada en la fabricaci\u00f3n de pinturas industriales, decorativas, para carrocer\u00eda y sistemas de mezcla de color.<\/p>\n\n\n\n<h2 class=\"wp-block-heading\">Propiedad intelectual e industrial<\/h2>\n\n\n\n<p>Todos los contenidos del sitio web (textos, im\u00e1genes, logotipos, marcas, estructura, dise\u00f1o, etc.) est\u00e1n protegidos por la normativa vigente sobre propiedad intelectual e industrial, y son propiedad exclusiva de Dekoin 98 S.L. o de terceros que han autorizado su uso.<\/p>\n\n\n\n<p>Queda expresamente prohibida la reproducci\u00f3n, distribuci\u00f3n o comunicaci\u00f3n p\u00fablica, total o parcial, sin la autorizaci\u00f3n expresa y por escrito de Dekoin 98 S.L.<\/p>\n\n\n\n<h2 class=\"wp-block-heading\">Responsabilidad del contenido<\/h2>\n\n\n\n<p>Dekoin 98 S.L. no se responsabiliza del mal uso que se realice de los contenidos del sitio web, siendo exclusiva responsabilidad del usuario que accede a ellos o los utiliza.<\/p>\n\n\n\n<h2 class=\"wp-block-heading\">Enlaces externos<\/h2>\n\n\n\n<p>Este sitio web puede contener enlaces a p\u00e1ginas de terceros. Dekoin 98 S.L. no se hace responsable del contenido ni de las pol\u00edticas de privacidad de dichos sitios web.<\/p>\n\n\n\n<h2 class=\"wp-block-heading\">Legislaci\u00f3n aplicable y jurisdicci\u00f3n<\/h2>\n\n\n\n<p>Para la resoluci\u00f3n de todas las controversias o cuestiones relacionadas con el presente sitio web, ser\u00e1 de aplicaci\u00f3n la legislaci\u00f3n espa\u00f1ola, siendo competentes los Juzgados y Tribunales de Vitoria-Gasteiz, salvo que la normativa de protecci\u00f3n de consumidores y usuarios establezca otra cosa.<\/p>\n\n\n\n<div style=\"height:50px\" aria-hidden=\"true\" class=\"wp-block-spacer\"><\/div>\n","protected":false},"excerpt":{"rendered":"<p>Titularidad del sitio web En cumplimiento con el deber de informaci\u00f3n recogido en el art\u00edculo 10 de la Ley 34\/2002, de 11 de julio, de Servicios de la Sociedad de la Informaci\u00f3n y del Comercio Electr\u00f3nico, se informa que este sitio web es titularidad de: Objeto del sitio web El presente sitio web tiene por &hellip; <\/p>\n<p class=\"link-more\"><a href=\"https:\/\/www.dekoin98.com\/index.php\/aviso-legal\/\" class=\"more-link\">Leer m\u00e1s<span class=\"screen-reader-text\"> \u00abAviso legal\u00bb<\/span><\/a><\/p>\n","protected":false},"author":1,"featured_media":0,"parent":0,"menu_order":0,"comment_status":"closed","ping_status":"closed","template":"","meta":{"inspiro_hide_title":false,"footnotes":""},"class_list":["post-520","page","type-page","status-publish","hentry"],"_links":{"self":[{"href":"https:\/\/www.dekoin98.com\/index.php\/wp-json\/wp\/v2\/pages\/520","targetHints":{"allow":["GET"]}}],"collection":[{"href":"https:\/\/www.dekoin98.com\/index.php\/wp-json\/wp\/v2\/pages"}],"about":[{"href":"https:\/\/www.dekoin98.com\/index.php\/wp-json\/wp\/v2\/types\/page"}],"author":[{"embeddable":true,"href":"https:\/\/www.dekoin98.com\/index.php\/wp-json\/wp\/v2\/users\/1"}],"replies":[{"embeddable":true,"href":"https:\/\/www.dekoin98.com\/index.php\/wp-json\/wp\/v2\/comments?post=520"}],"version-history":[{"count":3,"href":"https:\/\/www.dekoin98.com\/index.php\/wp-json\/wp\/v2\/pages\/520\/revisions"}],"predecessor-version":[{"id":831,"href":"https:\/\/www.dekoin98.com\/index.php\/wp-json\/wp\/v2\/pages\/520\/revisions\/831"}],"wp:attachment":[{"href":"https:\/\/www.dekoin98.com\/index.php\/wp-json\/wp\/v2\/media?parent=520"}],"curies":[{"name":"wp","href":"https:\/\/api.w.org\/{rel}","templated":true}]}}