{"id":669,"date":"2025-06-02T18:19:43","date_gmt":"2025-06-02T16:19:43","guid":{"rendered":"https:\/\/www.dekoin98.com\/?page_id=669"},"modified":"2025-06-02T18:20:12","modified_gmt":"2025-06-02T16:20:12","slug":"politica-de-cookies","status":"publish","type":"page","link":"https:\/\/www.dekoin98.com\/index.php\/politica-de-cookies\/","title":{"rendered":"Pol\u00edtica de cookies"},"content":{"rendered":"\n<p>Esta p\u00e1gina web, <strong>Dekoin98.com<\/strong>, utiliza cookies propias y de terceros para mejorar la experiencia del usuario, analizar el tr\u00e1fico y mostrar anuncios personalizados a trav\u00e9s de Google AdSense. El uso de cookies se realiza conforme al Reglamento General de Protecci\u00f3n de Datos (RGPD) y dem\u00e1s normativas vigentes.<\/p>\n\n\n\n<h2 class=\"wp-block-heading\">\u00bfQu\u00e9 son las cookies?<\/h2>\n\n\n\n<p>Las cookies son peque\u00f1os archivos de texto que se almacenan en tu navegador cuando visitas un sitio web. Permiten reconocer tu dispositivo, recordar tus preferencias y ayudarte a navegar de forma eficiente.<\/p>\n\n\n\n<h2 class=\"wp-block-heading\">\u00bfQu\u00e9 tipos de cookies usamos?<\/h2>\n\n\n\n<ul class=\"wp-block-list\">\n<li><strong>Cookies necesarias<\/strong>: esenciales para el funcionamiento b\u00e1sico del sitio.<\/li>\n\n\n\n<li><strong>Cookies de an\u00e1lisis<\/strong>: nos permiten conocer el comportamiento de los usuarios para mejorar la experiencia.<\/li>\n\n\n\n<li><strong>Cookies de publicidad<\/strong>: se usan para mostrar anuncios relevantes mediante servicios como Google AdSense.<\/li>\n\n\n\n<li><strong>Cookies de terceros<\/strong>: gestionadas por servicios externos como Google, YouTube o redes sociales.<\/li>\n<\/ul>\n\n\n\n<h2 class=\"wp-block-heading\">Consentimiento y configuraci\u00f3n<\/h2>\n\n\n\n<p>Utilizamos una Plataforma de Gesti\u00f3n del Consentimiento (CMP) certificada por Google llamada <strong>Usercentrics<\/strong> para gestionar tus preferencias de cookies. Puedes modificar o revocar tu consentimiento en cualquier momento haciendo clic en el bot\u00f3n flotante azul de abajo a la izquierda:<\/p>\n\n\n\n<h2 class=\"wp-block-heading\">\u00bfC\u00f3mo eliminar o bloquear cookies?<\/h2>\n\n\n\n<p>Puedes eliminar o bloquear cookies directamente desde la configuraci\u00f3n de tu navegador. Aqu\u00ed tienes enlaces a las instrucciones de los principales navegadores:<\/p>\n\n\n\n<ul class=\"wp-block-list\">\n<li><strong>Google Chrome: <\/strong><a>https:\/\/support.google.com\/chrome\/answer\/95647?hl=es<\/a><\/li>\n\n\n\n<li><strong>Mozilla Firefox:<\/strong> <a class=\"\" href=\"https:\/\/support.mozilla.org\/es\/kb\/cookies-informacion-que-los-sitios-web-guardan\">https:\/\/support.mozilla.org\/es\/kb\/cookies-informacion-que-los-sitios-web-guardan<\/a><\/li>\n\n\n\n<li><strong>Microsoft Edge:<\/strong> <a class=\"\" href=\"https:\/\/support.microsoft.com\/es-es\/help\/4027947\/windows-delete-cookies\">https:\/\/support.microsoft.com\/es-es\/help\/4027947\/windows-delete-cookies<\/a><\/li>\n<\/ul>\n\n\n\n<hr class=\"wp-block-separator has-alpha-channel-opacity\"\/>\n\n\n\n<p>Si tienes dudas sobre nuestra pol\u00edtica de cookies, puedes contactarnos a trav\u00e9s del formulario de contacto en este sitio web.<\/p>\n","protected":false},"excerpt":{"rendered":"<p>Esta p\u00e1gina web, Dekoin98.com, utiliza cookies propias y de terceros para mejorar la experiencia del usuario, analizar el tr\u00e1fico y mostrar anuncios personalizados a trav\u00e9s de Google AdSense. El uso de cookies se realiza conforme al Reglamento General de Protecci\u00f3n de Datos (RGPD) y dem\u00e1s normativas vigentes. \u00bfQu\u00e9 son las cookies? Las cookies son peque\u00f1os &hellip; <\/p>\n<p class=\"link-more\"><a href=\"https:\/\/www.dekoin98.com\/index.php\/politica-de-cookies\/\" class=\"more-link\">Leer m\u00e1s<span class=\"screen-reader-text\"> \u00abPol\u00edtica de cookies\u00bb<\/span><\/a><\/p>\n","protected":false},"author":1,"featured_media":0,"parent":0,"menu_order":0,"comment_status":"closed","ping_status":"closed","template":"","meta":{"inspiro_hide_title":false,"footnotes":""},"class_list":["post-669","page","type-page","status-publish","hentry"],"_links":{"self":[{"href":"https:\/\/www.dekoin98.com\/index.php\/wp-json\/wp\/v2\/pages\/669","targetHints":{"allow":["GET"]}}],"collection":[{"href":"https:\/\/www.dekoin98.com\/index.php\/wp-json\/wp\/v2\/pages"}],"about":[{"href":"https:\/\/www.dekoin98.com\/index.php\/wp-json\/wp\/v2\/types\/page"}],"author":[{"embeddable":true,"href":"https:\/\/www.dekoin98.com\/index.php\/wp-json\/wp\/v2\/users\/1"}],"replies":[{"embeddable":true,"href":"https:\/\/www.dekoin98.com\/index.php\/wp-json\/wp\/v2\/comments?post=669"}],"version-history":[{"count":2,"href":"https:\/\/www.dekoin98.com\/index.php\/wp-json\/wp\/v2\/pages\/669\/revisions"}],"predecessor-version":[{"id":671,"href":"https:\/\/www.dekoin98.com\/index.php\/wp-json\/wp\/v2\/pages\/669\/revisions\/671"}],"wp:attachment":[{"href":"https:\/\/www.dekoin98.com\/index.php\/wp-json\/wp\/v2\/media?parent=669"}],"curies":[{"name":"wp","href":"https:\/\/api.w.org\/{rel}","templated":true}]}}