{"id":9,"date":"2025-05-15T17:05:58","date_gmt":"2025-05-15T15:05:58","guid":{"rendered":"https:\/\/www.dekoin98.com\/?page_id=9"},"modified":"2025-09-23T17:27:24","modified_gmt":"2025-09-23T15:27:24","slug":"servicios","status":"publish","type":"page","link":"https:\/\/www.dekoin98.com\/index.php\/servicios\/","title":{"rendered":"Servicios"},"content":{"rendered":"\n<p class=\"has-primary-color has-text-color has-link-color wp-elements-ec150855bc2099d75ed2b60a9f9b7e5c\">En Dekoin 98 llevamos m\u00e1s de 60 a\u00f1os aportando soluciones t\u00e9cnicas en pintura industrial, decorativa y para carrocer\u00eda. Nuestra experiencia y laboratorio propio nos permiten ofrecer tres pilares clave para mejorar el rendimiento y acabado de cada proyecto: formulaci\u00f3n a medida, ensayos con pruebas de calidad, soporte y asesoramiento t\u00e9cnico.<\/p>\n\n\n\n<div style=\"height:50px\" aria-hidden=\"true\" class=\"wp-block-spacer\"><\/div>\n\n\n\n<div class=\"wp-block-columns is-layout-flex wp-container-core-columns-is-layout-28f84493 wp-block-columns-is-layout-flex\">\n<div class=\"wp-block-column is-layout-flow wp-block-column-is-layout-flow\">\n<figure class=\"wp-block-image size-large\"><img loading=\"lazy\" decoding=\"async\" width=\"1024\" height=\"683\" src=\"https:\/\/www.dekoin98.com\/wp-content\/uploads\/2025\/05\/desarrollo-de-formulas-1024x683.png\" alt=\"T\u00e9cnico de laboratorio desarrollando f\u00f3rmulas de pintura con carta de colores y muestras.\" class=\"wp-image-224\" srcset=\"https:\/\/www.dekoin98.com\/wp-content\/uploads\/2025\/05\/desarrollo-de-formulas-1024x683.png 1024w, https:\/\/www.dekoin98.com\/wp-content\/uploads\/2025\/05\/desarrollo-de-formulas-300x200.png 300w, https:\/\/www.dekoin98.com\/wp-content\/uploads\/2025\/05\/desarrollo-de-formulas.png 1536w\" sizes=\"auto, (max-width: 1024px) 100vw, 1024px\" \/><\/figure>\n\n\n\n<p class=\"has-text-align-center has-black-color has-text-color has-medium-font-size\" id=\"formulas\"><strong>Desarrollo de f\u00f3rmulas<\/strong><\/p>\n\n\n\n<p class=\"has-primary-color has-text-color\">Formulamos pinturas industriales, decorativas y para carrocer\u00eda en nuestro laboratorio I+D+I, con innovaci\u00f3n y tecnolog\u00eda de vanguardia.<\/p>\n\n\n\n<p class=\"has-primary-color has-text-color has-link-color wp-elements-b39aa276c9b0740cc813f9b78ffddf4a\">Creamos soluciones a medida para maximizar adherencia, durabilidad y cumplir los m\u00e1s altos est\u00e1ndares del sector.<\/p>\n\n\n\n<p class=\"has-primary-color has-text-color\"><em><em>Soluciones a medida, con rendimiento y durabilidad.<\/em><\/em><\/p>\n<\/div>\n\n\n\n<div class=\"wp-block-column is-layout-flow wp-block-column-is-layout-flow\">\n<figure class=\"wp-block-image size-large\"><img loading=\"lazy\" decoding=\"async\" width=\"1024\" height=\"683\" src=\"https:\/\/www.dekoin98.com\/wp-content\/uploads\/2025\/05\/control-de-calidad-1024x683.png\" alt=\"T\u00e9cnico realizando control de calidad de pintura industrial con viscos\u00edmetro en laboratorio Dekoin 98.\" class=\"wp-image-230\" srcset=\"https:\/\/www.dekoin98.com\/wp-content\/uploads\/2025\/05\/control-de-calidad-1024x683.png 1024w, https:\/\/www.dekoin98.com\/wp-content\/uploads\/2025\/05\/control-de-calidad-300x200.png 300w, https:\/\/www.dekoin98.com\/wp-content\/uploads\/2025\/05\/control-de-calidad.png 1536w\" sizes=\"auto, (max-width: 1024px) 100vw, 1024px\" \/><\/figure>\n\n\n\n<p class=\"has-text-align-center has-black-color has-text-color has-medium-font-size\" id=\"calidad\"><strong>Control de calidad<\/strong><\/p>\n\n\n\n<p class=\"has-primary-color has-text-color\">Garantizamos la estabilidad y eficacia de cada lote mediante ensayos t\u00e9cnicos con equipos de alta precisi\u00f3n y normas ISO 9001.<\/p>\n\n\n\n<p class=\"has-primary-color has-text-color\">Evaluamos viscosidad, secado, adherencia, resistencia y colorimetr\u00eda para asegurar el cumplimiento de los requisitos del sector.<\/p>\n\n\n\n<p class=\"has-primary-color has-text-color\"><em>Control total para un producto fiable y consistente.<\/em><\/p>\n<\/div>\n\n\n\n<div class=\"wp-block-column is-layout-flow wp-block-column-is-layout-flow\">\n<figure class=\"wp-block-image size-full\"><img loading=\"lazy\" decoding=\"async\" width=\"1536\" height=\"1024\" src=\"https:\/\/www.dekoin98.com\/wp-content\/uploads\/2025\/05\/asesoramiento.png\" alt=\"T\u00e9cnico de Dekoin 98 brindando asesoramiento personalizado a un cliente sobre soluciones en pintura industrial.\" class=\"wp-image-231\" srcset=\"https:\/\/www.dekoin98.com\/wp-content\/uploads\/2025\/05\/asesoramiento.png 1536w, https:\/\/www.dekoin98.com\/wp-content\/uploads\/2025\/05\/asesoramiento-300x200.png 300w, https:\/\/www.dekoin98.com\/wp-content\/uploads\/2025\/05\/asesoramiento-1024x683.png 1024w\" sizes=\"auto, (max-width: 1536px) 100vw, 1536px\" \/><\/figure>\n\n\n\n<p class=\"has-text-align-center has-black-color has-text-color has-medium-font-size\" id=\"asesoramiento\"><strong>Asesoramiento t\u00e9cnico<\/strong><\/p>\n\n\n\n<p class=\"has-primary-color has-text-color\">Acompa\u00f1amos a nuestros clientes desde la formulaci\u00f3n hasta la aplicaci\u00f3n final con soporte t\u00e9cnico y recomendaciones pr\u00e1cticas.<\/p>\n\n\n\n<p class=\"has-primary-color has-text-color has-link-color wp-elements-82ece01bd60c88f9e574df018362f12e\">Ofrecemos soluciones reales que mejoran procesos, reducen costes y aumentan la eficiencia en cada operaci\u00f3n.<\/p>\n\n\n\n<p class=\"has-primary-color has-text-color\"><em>Tecnolog\u00eda, experiencia y cercan\u00eda en cada paso.<\/em><\/p>\n<\/div>\n<\/div>\n\n\n\n<div style=\"height:50px\" aria-hidden=\"true\" class=\"wp-block-spacer\"><\/div>\n\n\n\n<h3 class=\"wp-block-heading has-large-font-size\" id=\"inspiro-is-a-digital-product-agency-that-focuses-on-strategy-and-desig\" style=\"font-style:normal;font-weight:300\">Explora lo que hacemos<\/h3>\n\n\n\n<figure class=\"wp-block-video\"><video height=\"1080\" style=\"aspect-ratio: 1920 \/ 1080;\" width=\"1920\" controls src=\"https:\/\/www.dekoin98.com\/wp-content\/uploads\/2025\/05\/Video-presentacion-1.mp4\"><\/video><\/figure>\n\n\n\n<div style=\"height:50px\" aria-hidden=\"true\" class=\"wp-block-spacer\"><\/div>\n","protected":false},"excerpt":{"rendered":"<p>En Dekoin 98 llevamos m\u00e1s de 60 a\u00f1os aportando soluciones t\u00e9cnicas en pintura industrial, decorativa y para carrocer\u00eda. Nuestra experiencia y laboratorio propio nos permiten ofrecer tres pilares clave para mejorar el rendimiento y acabado de cada proyecto: formulaci\u00f3n a medida, ensayos con pruebas de calidad, soporte y asesoramiento t\u00e9cnico. Desarrollo de f\u00f3rmulas Formulamos pinturas &hellip; <\/p>\n<p class=\"link-more\"><a href=\"https:\/\/www.dekoin98.com\/index.php\/servicios\/\" class=\"more-link\">Leer m\u00e1s<span class=\"screen-reader-text\"> \u00abServicios\u00bb<\/span><\/a><\/p>\n","protected":false},"author":1,"featured_media":0,"parent":0,"menu_order":0,"comment_status":"closed","ping_status":"closed","template":"","meta":{"inspiro_hide_title":false,"footnotes":""},"class_list":["post-9","page","type-page","status-publish","hentry"],"_links":{"self":[{"href":"https:\/\/www.dekoin98.com\/index.php\/wp-json\/wp\/v2\/pages\/9","targetHints":{"allow":["GET"]}}],"collection":[{"href":"https:\/\/www.dekoin98.com\/index.php\/wp-json\/wp\/v2\/pages"}],"about":[{"href":"https:\/\/www.dekoin98.com\/index.php\/wp-json\/wp\/v2\/types\/page"}],"author":[{"embeddable":true,"href":"https:\/\/www.dekoin98.com\/index.php\/wp-json\/wp\/v2\/users\/1"}],"replies":[{"embeddable":true,"href":"https:\/\/www.dekoin98.com\/index.php\/wp-json\/wp\/v2\/comments?post=9"}],"version-history":[{"count":40,"href":"https:\/\/www.dekoin98.com\/index.php\/wp-json\/wp\/v2\/pages\/9\/revisions"}],"predecessor-version":[{"id":970,"href":"https:\/\/www.dekoin98.com\/index.php\/wp-json\/wp\/v2\/pages\/9\/revisions\/970"}],"wp:attachment":[{"href":"https:\/\/www.dekoin98.com\/index.php\/wp-json\/wp\/v2\/media?parent=9"}],"curies":[{"name":"wp","href":"https:\/\/api.w.org\/{rel}","templated":true}]}}